{"id":4790,"date":"2025-12-12T03:11:23","date_gmt":"2025-12-12T06:11:23","guid":{"rendered":"https:\/\/museubispodorosario.com\/catalogoraisonne?page_id=4790"},"modified":"2026-05-06T13:47:30","modified_gmt":"2026-05-06T16:47:30","slug":"dulce-mae","status":"publish","type":"page","link":"https:\/\/museubispodorosario.com\/catalogoraisonne\/obras\/dulce-mae\/","title":{"rendered":"Dulce M\u00e3e"},"content":{"rendered":"\t\t<div data-elementor-type=\"wp-page\" data-elementor-id=\"4790\" class=\"elementor elementor-4790\">\n\t\t\t\t<div class=\"has_eae_slider elementor-element elementor-element-1e018bda e-con-full e-flex wpr-particle-no wpr-jarallax-no wpr-parallax-no wpr-sticky-section-no e-con e-parent\" data-eae-slider=\"568\" data-id=\"1e018bda\" data-element_type=\"container\" data-settings=\"{&quot;background_background&quot;:&quot;classic&quot;}\">\n\t\t<div class=\"has_eae_slider elementor-element elementor-element-a00b471 e-con-full e-flex wpr-particle-no wpr-jarallax-no wpr-parallax-no wpr-sticky-section-no e-con e-child\" data-eae-slider=\"23639\" data-id=\"a00b471\" data-element_type=\"container\" data-settings=\"{&quot;background_background&quot;:&quot;classic&quot;}\">\n\t\t\t\t<\/div>\n\t\t<div class=\"has_eae_slider elementor-element elementor-element-1c404cc4 e-flex e-con-boxed wpr-particle-no wpr-jarallax-no wpr-parallax-no wpr-sticky-section-no e-con e-child\" data-eae-slider=\"21589\" data-id=\"1c404cc4\" data-element_type=\"container\" id=\"apresentacao\">\n\t\t\t\t\t<div class=\"e-con-inner\">\n\t\t\t\t<div class=\"elementor-element elementor-element-5081d3f2 elementor-widget-mobile__width-inherit elementor-widget-tablet__width-initial elementor-widget elementor-widget-heading\" data-id=\"5081d3f2\" data-element_type=\"widget\" data-widget_type=\"heading.default\">\n\t\t\t\t\t<h2 class=\"elementor-heading-title elementor-size-default\">Dulce M\u00e3e<\/h2>\t\t\t\t<\/div>\n\t\t<div class=\"has_eae_slider elementor-element elementor-element-743ddc2 e-con-full e-flex wpr-particle-no wpr-jarallax-no wpr-parallax-no wpr-sticky-section-no e-con e-child\" data-eae-slider=\"50210\" data-id=\"743ddc2\" data-element_type=\"container\">\n\t\t\t\t<div class=\"elementor-element elementor-element-2ba0a5c9 elementor-widget__width-initial elementor-widget elementor-widget-text-editor\" data-id=\"2ba0a5c9\" data-element_type=\"widget\" data-widget_type=\"text-editor.default\">\n\t\t\t\t\t\t\t\t\t<p><span style=\"font-weight: 400;\">T\u00edtulo: <\/span><b>Dulce M\u00e3e<\/b><\/p><p><span style=\"font-weight: 400;\">N\u00famero de tombo: MBAC.ABR.0621<\/span><\/p><p><span style=\"font-weight: 400;\">N\u00famero do invent\u00e1rio pessoal: 3.001<\/span><\/p><p><span style=\"font-weight: 400;\">Designa\u00e7\u00e3o: faixa de miss<\/span><\/p><p><span style=\"font-weight: 400;\">Tema: concurso de beleza\u00a0<\/span><\/p><p><span style=\"font-weight: 400;\">T\u00e9cnica: costura, bordado, escrita<\/span><\/p><p><span style=\"font-weight: 400;\">Material: tecido, fio de algod\u00e3o, tinta, linha<\/span><\/p><p><span style=\"font-weight: 400;\">Dimens\u00f5es: 64,00\u00a0 x 13,00\u00a0 cm<\/span><\/p>\t\t\t\t\t\t\t\t<\/div>\n\t\t\t\t<div class=\"elementor-element elementor-element-ba0d223 elementor-arrows-position-outside elementor-widget elementor-widget-image-carousel\" data-id=\"ba0d223\" data-element_type=\"widget\" data-settings=\"{&quot;slides_to_show&quot;:&quot;1&quot;,&quot;lazyload&quot;:&quot;yes&quot;,&quot;navigation&quot;:&quot;arrows&quot;,&quot;autoplay&quot;:&quot;yes&quot;,&quot;pause_on_hover&quot;:&quot;yes&quot;,&quot;pause_on_interaction&quot;:&quot;yes&quot;,&quot;autoplay_speed&quot;:5000,&quot;infinite&quot;:&quot;yes&quot;,&quot;effect&quot;:&quot;slide&quot;,&quot;speed&quot;:500}\" data-widget_type=\"image-carousel.default\">\n\t\t\t\t\t\t\t<div class=\"elementor-image-carousel-wrapper swiper\" role=\"region\" aria-roledescription=\"carousel\" aria-label=\"Carrossel de imagens\" dir=\"ltr\">\n\t\t\t<div class=\"elementor-image-carousel swiper-wrapper\" aria-live=\"off\">\n\t\t\t\t\t\t\t\t<div class=\"swiper-slide\" role=\"group\" aria-roledescription=\"slide\" aria-label=\"1 de 6\"><a data-elementor-open-lightbox=\"yes\" data-elementor-lightbox-slideshow=\"ba0d223\" data-elementor-lightbox-title=\"MBRAC_ABR_0621_01\" data-e-action-hash=\"#elementor-action%3Aaction%3Dlightbox%26settings%3DeyJpZCI6NDYyNiwidXJsIjoiaHR0cHM6XC9cL211c2V1YmlzcG9kb3Jvc2FyaW8uY29tXC9jYXRhbG9nb3JhaXNvbm5lXC93cC1jb250ZW50XC91cGxvYWRzXC8yMDI1XC8xMlwvTUJSQUNfQUJSXzA2MjFfMDEuanBnIiwic2xpZGVzaG93IjoiYmEwZDIyMyJ9\" href=\"https:\/\/museubispodorosario.com\/catalogoraisonne\/wp-content\/uploads\/2025\/12\/MBRAC_ABR_0621_01.jpg\"><figure class=\"swiper-slide-inner\"><img class=\"swiper-slide-image swiper-lazy\" data-src=\"https:\/\/museubispodorosario.com\/catalogoraisonne\/wp-content\/uploads\/2025\/12\/MBRAC_ABR_0621_01.jpg\" alt=\"MBRAC_ABR_0621_01\" \/><div class=\"swiper-lazy-preloader\"><\/div><figcaption class=\"elementor-image-carousel-caption\">MBRAC_ABR_0621_01<\/figcaption><\/figure><\/a><\/div><div class=\"swiper-slide\" role=\"group\" aria-roledescription=\"slide\" aria-label=\"2 de 6\"><a data-elementor-open-lightbox=\"yes\" data-elementor-lightbox-slideshow=\"ba0d223\" data-elementor-lightbox-title=\"MBRAC_ABR_0621_02\" data-e-action-hash=\"#elementor-action%3Aaction%3Dlightbox%26settings%3DeyJpZCI6NDYyNywidXJsIjoiaHR0cHM6XC9cL211c2V1YmlzcG9kb3Jvc2FyaW8uY29tXC9jYXRhbG9nb3JhaXNvbm5lXC93cC1jb250ZW50XC91cGxvYWRzXC8yMDI1XC8xMlwvTUJSQUNfQUJSXzA2MjFfMDIuanBnIiwic2xpZGVzaG93IjoiYmEwZDIyMyJ9\" href=\"https:\/\/museubispodorosario.com\/catalogoraisonne\/wp-content\/uploads\/2025\/12\/MBRAC_ABR_0621_02.jpg\"><figure class=\"swiper-slide-inner\"><img class=\"swiper-slide-image swiper-lazy\" data-src=\"https:\/\/museubispodorosario.com\/catalogoraisonne\/wp-content\/uploads\/2025\/12\/MBRAC_ABR_0621_02.jpg\" alt=\"MBRAC_ABR_0621_02\" \/><div class=\"swiper-lazy-preloader\"><\/div><figcaption class=\"elementor-image-carousel-caption\">MBRAC_ABR_0621_02<\/figcaption><\/figure><\/a><\/div><div class=\"swiper-slide\" role=\"group\" aria-roledescription=\"slide\" aria-label=\"3 de 6\"><a data-elementor-open-lightbox=\"yes\" data-elementor-lightbox-slideshow=\"ba0d223\" data-elementor-lightbox-title=\"MBRAC_ABR_0621_03\" data-e-action-hash=\"#elementor-action%3Aaction%3Dlightbox%26settings%3DeyJpZCI6NDYyOCwidXJsIjoiaHR0cHM6XC9cL211c2V1YmlzcG9kb3Jvc2FyaW8uY29tXC9jYXRhbG9nb3JhaXNvbm5lXC93cC1jb250ZW50XC91cGxvYWRzXC8yMDI1XC8xMlwvTUJSQUNfQUJSXzA2MjFfMDMuanBnIiwic2xpZGVzaG93IjoiYmEwZDIyMyJ9\" href=\"https:\/\/museubispodorosario.com\/catalogoraisonne\/wp-content\/uploads\/2025\/12\/MBRAC_ABR_0621_03.jpg\"><figure class=\"swiper-slide-inner\"><img class=\"swiper-slide-image swiper-lazy\" data-src=\"https:\/\/museubispodorosario.com\/catalogoraisonne\/wp-content\/uploads\/2025\/12\/MBRAC_ABR_0621_03.jpg\" alt=\"MBRAC_ABR_0621_03\" \/><div class=\"swiper-lazy-preloader\"><\/div><figcaption class=\"elementor-image-carousel-caption\">MBRAC_ABR_0621_03<\/figcaption><\/figure><\/a><\/div><div class=\"swiper-slide\" role=\"group\" aria-roledescription=\"slide\" aria-label=\"4 de 6\"><a data-elementor-open-lightbox=\"yes\" data-elementor-lightbox-slideshow=\"ba0d223\" data-elementor-lightbox-title=\"MBRAC_ABR_0621_04\" data-e-action-hash=\"#elementor-action%3Aaction%3Dlightbox%26settings%3DeyJpZCI6NDYyOSwidXJsIjoiaHR0cHM6XC9cL211c2V1YmlzcG9kb3Jvc2FyaW8uY29tXC9jYXRhbG9nb3JhaXNvbm5lXC93cC1jb250ZW50XC91cGxvYWRzXC8yMDI1XC8xMlwvTUJSQUNfQUJSXzA2MjFfMDQuanBnIiwic2xpZGVzaG93IjoiYmEwZDIyMyJ9\" href=\"https:\/\/museubispodorosario.com\/catalogoraisonne\/wp-content\/uploads\/2025\/12\/MBRAC_ABR_0621_04.jpg\"><figure class=\"swiper-slide-inner\"><img class=\"swiper-slide-image swiper-lazy\" data-src=\"https:\/\/museubispodorosario.com\/catalogoraisonne\/wp-content\/uploads\/2025\/12\/MBRAC_ABR_0621_04.jpg\" alt=\"MBRAC_ABR_0621_04\" \/><div class=\"swiper-lazy-preloader\"><\/div><figcaption class=\"elementor-image-carousel-caption\">MBRAC_ABR_0621_04<\/figcaption><\/figure><\/a><\/div><div class=\"swiper-slide\" role=\"group\" aria-roledescription=\"slide\" aria-label=\"5 de 6\"><a data-elementor-open-lightbox=\"yes\" data-elementor-lightbox-slideshow=\"ba0d223\" data-elementor-lightbox-title=\"MBRAC_ABR_0621_05\" data-e-action-hash=\"#elementor-action%3Aaction%3Dlightbox%26settings%3DeyJpZCI6NDYzMCwidXJsIjoiaHR0cHM6XC9cL211c2V1YmlzcG9kb3Jvc2FyaW8uY29tXC9jYXRhbG9nb3JhaXNvbm5lXC93cC1jb250ZW50XC91cGxvYWRzXC8yMDI1XC8xMlwvTUJSQUNfQUJSXzA2MjFfMDUuanBnIiwic2xpZGVzaG93IjoiYmEwZDIyMyJ9\" href=\"https:\/\/museubispodorosario.com\/catalogoraisonne\/wp-content\/uploads\/2025\/12\/MBRAC_ABR_0621_05.jpg\"><figure class=\"swiper-slide-inner\"><img class=\"swiper-slide-image swiper-lazy\" data-src=\"https:\/\/museubispodorosario.com\/catalogoraisonne\/wp-content\/uploads\/2025\/12\/MBRAC_ABR_0621_05.jpg\" alt=\"MBRAC_ABR_0621_05\" \/><div class=\"swiper-lazy-preloader\"><\/div><figcaption class=\"elementor-image-carousel-caption\">MBRAC_ABR_0621_05<\/figcaption><\/figure><\/a><\/div><div class=\"swiper-slide\" role=\"group\" aria-roledescription=\"slide\" aria-label=\"6 de 6\"><a data-elementor-open-lightbox=\"yes\" data-elementor-lightbox-slideshow=\"ba0d223\" data-elementor-lightbox-title=\"MBRAC_ABR_0621_06\" data-e-action-hash=\"#elementor-action%3Aaction%3Dlightbox%26settings%3DeyJpZCI6NDYzMSwidXJsIjoiaHR0cHM6XC9cL211c2V1YmlzcG9kb3Jvc2FyaW8uY29tXC9jYXRhbG9nb3JhaXNvbm5lXC93cC1jb250ZW50XC91cGxvYWRzXC8yMDI1XC8xMlwvTUJSQUNfQUJSXzA2MjFfMDYuanBnIiwic2xpZGVzaG93IjoiYmEwZDIyMyJ9\" href=\"https:\/\/museubispodorosario.com\/catalogoraisonne\/wp-content\/uploads\/2025\/12\/MBRAC_ABR_0621_06.jpg\"><figure class=\"swiper-slide-inner\"><img class=\"swiper-slide-image swiper-lazy\" data-src=\"https:\/\/museubispodorosario.com\/catalogoraisonne\/wp-content\/uploads\/2025\/12\/MBRAC_ABR_0621_06.jpg\" alt=\"MBRAC_ABR_0621_06\" \/><div class=\"swiper-lazy-preloader\"><\/div><figcaption class=\"elementor-image-carousel-caption\">MBRAC_ABR_0621_06<\/figcaption><\/figure><\/a><\/div>\t\t\t<\/div>\n\t\t\t\t\t\t\t\t\t\t\t\t<div class=\"elementor-swiper-button elementor-swiper-button-prev\" role=\"button\" tabindex=\"0\">\n\t\t\t\t\t\t<svg aria-hidden=\"true\" class=\"e-font-icon-svg e-eicon-chevron-left\" viewBox=\"0 0 1000 1000\" xmlns=\"http:\/\/www.w3.org\/2000\/svg\"><path d=\"M646 125C629 125 613 133 604 142L308 442C296 454 292 471 292 487 292 504 296 521 308 533L604 854C617 867 629 875 646 875 663 875 679 871 692 858 704 846 713 829 713 812 713 796 708 779 692 767L438 487 692 225C700 217 708 204 708 187 708 171 704 154 692 142 675 129 663 125 646 125Z\"><\/path><\/svg>\t\t\t\t\t<\/div>\n\t\t\t\t\t<div class=\"elementor-swiper-button elementor-swiper-button-next\" role=\"button\" tabindex=\"0\">\n\t\t\t\t\t\t<svg aria-hidden=\"true\" class=\"e-font-icon-svg e-eicon-chevron-right\" viewBox=\"0 0 1000 1000\" xmlns=\"http:\/\/www.w3.org\/2000\/svg\"><path d=\"M696 533C708 521 713 504 713 487 713 471 708 454 696 446L400 146C388 133 375 125 354 125 338 125 325 129 313 142 300 154 292 171 292 187 292 204 296 221 308 233L563 492 304 771C292 783 288 800 288 817 288 833 296 850 308 863 321 871 338 875 354 875 371 875 388 867 400 854L696 533Z\"><\/path><\/svg>\t\t\t\t\t<\/div>\n\t\t\t\t\n\t\t\t\t\t\t\t\t\t<\/div>\n\t\t\t\t\t\t<\/div>\n\t\t\t\t<\/div>\n\t\t\t\t\t<\/div>\n\t\t\t\t<\/div>\n\t\t<div class=\"has_eae_slider elementor-element elementor-element-1e3eb50 e-flex e-con-boxed wpr-particle-no wpr-jarallax-no wpr-parallax-no wpr-sticky-section-no e-con e-child\" data-eae-slider=\"49\" data-id=\"1e3eb50\" data-element_type=\"container\">\n\t\t\t\t\t<div class=\"e-con-inner\">\n\t\t\t\t<div class=\"elementor-element elementor-element-b550255 elementor-widget__width-initial elementor-widget-tablet__width-initial elementor-widget-mobile__width-inherit elementor-widget elementor-widget-heading\" data-id=\"b550255\" data-element_type=\"widget\" data-widget_type=\"heading.default\">\n\t\t\t\t\t<h2 class=\"elementor-heading-title elementor-size-default\">Descri\u00e7\u00e3o<\/h2>\t\t\t\t<\/div>\n\t\t\t\t<div class=\"elementor-element elementor-element-70a001f elementor-widget__width-initial elementor-widget-tablet__width-inherit elementor-widget elementor-widget-text-editor\" data-id=\"70a001f\" data-element_type=\"widget\" data-widget_type=\"text-editor.default\">\n\t\t\t\t\t\t\t\t\t<p><span style=\"font-weight: 400;\">Faixa de miss, dobrada no sentido da altura e costurada na ponta direita; bordada na parte externa e interna. Suporte em alum\u00ednio [27 cm], terminado numa das extremidades por arremate de guarda-chuva retr\u00e1til, com al\u00e7a em tecido costurado nas bordas, servindo para sustentar a faixa, bastante longa.<\/span><\/p>\t\t\t\t\t\t\t\t<\/div>\n\t\t\t\t\t<\/div>\n\t\t\t\t<\/div>\n\t\t<div class=\"has_eae_slider elementor-element elementor-element-5d95c250 e-flex e-con-boxed wpr-particle-no wpr-jarallax-no wpr-parallax-no wpr-sticky-section-no e-con e-child\" data-eae-slider=\"28779\" data-id=\"5d95c250\" data-element_type=\"container\">\n\t\t\t\t\t<div class=\"e-con-inner\">\n\t\t\t\t<div class=\"elementor-element elementor-element-40dd0b32 elementor-widget__width-initial elementor-widget-tablet__width-initial elementor-widget-mobile__width-inherit elementor-widget elementor-widget-heading\" data-id=\"40dd0b32\" data-element_type=\"widget\" id=\"guia\" data-widget_type=\"heading.default\">\n\t\t\t\t\t<h2 class=\"elementor-heading-title elementor-size-default\">Transcri\u00e7\u00e3o<\/h2>\t\t\t\t<\/div>\n\t\t\t\t<div class=\"elementor-element elementor-element-83826c8 elementor-widget elementor-widget-text-editor\" data-id=\"83826c8\" data-element_type=\"widget\" data-widget_type=\"text-editor.default\">\n\t\t\t\t\t\t\t\t\t<p><span style=\"font-weight: 400;\">[bordado] DULCE M\u00c3E\u00a0 3.001<\/span><\/p>\t\t\t\t\t\t\t\t<\/div>\n\t\t\t\t<div class=\"elementor-element elementor-element-f389c5e elementor-widget elementor-widget-eael-adv-accordion\" data-id=\"f389c5e\" data-element_type=\"widget\" data-widget_type=\"eael-adv-accordion.default\">\n\t\t\t\t\t        <div class=\"eael-adv-accordion\" id=\"eael-adv-accordion-f389c5e\" data-scroll-on-click=\"no\" data-scroll-speed=\"300\" data-accordion-id=\"f389c5e\" data-accordion-type=\"accordion\" data-toogle-speed=\"300\">\n    <div class=\"eael-accordion-list\">\n                <div id=\"frente-da-faixa-na-lateral-esquerda-com-inscrio-horizontal-bordada-\" class=\"elementor-tab-title eael-accordion-header\" tabindex=\"0\" data-tab=\"1\" aria-controls=\"elementor-tab-content-2551\"><span class=\"eael-advanced-accordion-icon-closed\"><svg aria-hidden=\"true\" class=\"fa-accordion-icon e-font-icon-svg e-fas-plus\" viewBox=\"0 0 448 512\" xmlns=\"http:\/\/www.w3.org\/2000\/svg\"><path d=\"M416 208H272V64c0-17.67-14.33-32-32-32h-32c-17.67 0-32 14.33-32 32v144H32c-17.67 0-32 14.33-32 32v32c0 17.67 14.33 32 32 32h144v144c0 17.67 14.33 32 32 32h32c17.67 0 32-14.33 32-32V304h144c17.67 0 32-14.33 32-32v-32c0-17.67-14.33-32-32-32z\"><\/path><\/svg><\/span><span class=\"eael-advanced-accordion-icon-opened\"><svg aria-hidden=\"true\" class=\"fa-accordion-icon e-font-icon-svg e-fas-minus\" viewBox=\"0 0 448 512\" xmlns=\"http:\/\/www.w3.org\/2000\/svg\"><path d=\"M416 208H32c-17.67 0-32 14.33-32 32v32c0 17.67 14.33 32 32 32h384c17.67 0 32-14.33 32-32v-32c0-17.67-14.33-32-32-32z\"><\/path><\/svg><\/span><span class=\"eael-accordion-tab-title\">[Frente da faixa na lateral esquerda com inscri\u00e7\u00e3o horizontal bordada]  <\/span><\/div><div id=\"elementor-tab-content-2551\" class=\"eael-accordion-content clearfix\" data-tab=\"1\" aria-labelledby=\"frente-da-faixa-na-lateral-esquerda-com-inscrio-horizontal-bordada-\"><p><span style=\"font-weight: 400;\">J MAXIMINO PRAIA VERMELHA | JAIR LEMOS FISCAL ALIMENTA\u00c7\u00c3O \u2013 COMPANHIA PEREIRA JUNIOR \u2013 NUCLO RUA \u2013 DR \u2013 LEAL \u2013 HOSPITAL | JOSE PAIS COPEIRO RUA DR. LEAL \u2013 JOAQUIM PEREIRA NUCL ULISSE VIANA | JOAQUIM DAVILD PAVILHAO DE INFANTIL RUA BERNADO ENGENHO DENTRO | JAIME DE OLIVEIRA \u2013 NUCLO ULISSE VIANA | JORDA PEREIRA \u2013 NUCLO ULISSE VIANA | JOVAL CAMPOS \u2013 PRAIA VERMELHA PINEL \u2013 SEC\u00c7\u00c3O |\u00a0 <\/span><\/p><\/div>\n                <\/div><\/div>\t\t\t\t<\/div>\n\t\t\t\t\t<\/div>\n\t\t\t\t<\/div>\n\t\t<div class=\"has_eae_slider elementor-element elementor-element-64889062 e-flex e-con-boxed wpr-particle-no wpr-jarallax-no wpr-parallax-no wpr-sticky-section-no e-con e-child\" data-eae-slider=\"62507\" data-id=\"64889062\" data-element_type=\"container\">\n\t\t\t\t\t<div class=\"e-con-inner\">\n\t\t<div class=\"has_eae_slider elementor-element elementor-element-67b78a48 e-con-full e-flex wpr-particle-no wpr-jarallax-no wpr-parallax-no wpr-sticky-section-no e-con e-child\" data-eae-slider=\"75509\" data-id=\"67b78a48\" data-element_type=\"container\">\n\t\t\t\t<div class=\"elementor-element elementor-element-391f86c0 elementor-widget__width-initial elementor-widget-mobile__width-inherit elementor-widget-tablet__width-initial elementor-widget elementor-widget-heading\" data-id=\"391f86c0\" data-element_type=\"widget\" id=\"textos\" data-widget_type=\"heading.default\">\n\t\t\t\t\t<h2 class=\"elementor-heading-title elementor-size-default\">Exposi\u00e7\u00f5es<\/h2>\t\t\t\t<\/div>\n\t\t\t\t<\/div>\n\t\t<div class=\"has_eae_slider elementor-element elementor-element-7494a063 e-con-full e-flex wpr-particle-no wpr-jarallax-no wpr-parallax-no wpr-sticky-section-no e-con e-child\" data-eae-slider=\"90834\" data-id=\"7494a063\" data-element_type=\"container\">\n\t\t\t\t<div class=\"elementor-element elementor-element-22f33ee1 elementor-widget__width-inherit elementor-widget elementor-widget-text-editor\" data-id=\"22f33ee1\" data-element_type=\"widget\" data-widget_type=\"text-editor.default\">\n\t\t\t\t\t\t\t\t\t<p><span style=\"font-weight: 400;\">MUSEU BISPO DO ROSARIO ARTE CONTEMPOR\u00c2NEA. <\/span><b>Das virgens em cardumes e da cor das auras<\/b><span style=\"font-weight: 400;\">. Rio de Janeiro, 2016. (coletiva)<\/span><\/p>\t\t\t\t\t\t\t\t<\/div>\n\t\t\t\t<\/div>\n\t\t\t\t\t<\/div>\n\t\t\t\t<\/div>\n\t\t<div class=\"has_eae_slider elementor-element elementor-element-0ddb6e6 e-flex e-con-boxed wpr-particle-no wpr-jarallax-no wpr-parallax-no wpr-sticky-section-no e-con e-child\" data-eae-slider=\"62287\" data-id=\"0ddb6e6\" data-element_type=\"container\">\n\t\t\t\t\t<div class=\"e-con-inner\">\n\t\t<div class=\"has_eae_slider elementor-element elementor-element-d79e156 e-con-full e-flex wpr-particle-no wpr-jarallax-no wpr-parallax-no wpr-sticky-section-no e-con e-child\" data-eae-slider=\"30020\" data-id=\"d79e156\" data-element_type=\"container\">\n\t\t\t\t<div class=\"elementor-element elementor-element-ca6aae2 elementor-widget__width-initial elementor-widget-mobile__width-inherit elementor-widget-tablet__width-initial elementor-widget elementor-widget-heading\" data-id=\"ca6aae2\" data-element_type=\"widget\" data-widget_type=\"heading.default\">\n\t\t\t\t\t<h2 class=\"elementor-heading-title elementor-size-default\">BIBLIOGRAFIA<\/h2>\t\t\t\t<\/div>\n\t\t\t\t<\/div>\n\t\t<div class=\"has_eae_slider elementor-element elementor-element-3aaad84 e-con-full e-flex wpr-particle-no wpr-jarallax-no wpr-parallax-no wpr-sticky-section-no e-con e-child\" data-eae-slider=\"19804\" data-id=\"3aaad84\" data-element_type=\"container\">\n\t\t\t\t<div class=\"elementor-element elementor-element-81ff80e elementor-widget__width-inherit elementor-widget elementor-widget-text-editor\" data-id=\"81ff80e\" data-element_type=\"widget\" data-widget_type=\"text-editor.default\">\n\t\t\t\t\t\t\t\t\t<p><span style=\"font-weight: 400;\">CAIXA ECON\u00d4MICA FEDERAL. <\/span><b>Eu preciso destas palavras: Escrita<\/b><span style=\"font-weight: 400;\">: cat\u00e1logo. Rio de Janeiro, 1999. <\/span><\/p>\t\t\t\t\t\t\t\t<\/div>\n\t\t\t\t<\/div>\n\t\t\t\t\t<\/div>\n\t\t\t\t<\/div>\n\t\t\t\t<\/div>\n\t\t\t\t<\/div>\n\t\t","protected":false},"excerpt":{"rendered":"<p>Dulce M\u00e3e T\u00edtulo: Dulce M\u00e3e N\u00famero de tombo: MBAC.ABR.0621 N\u00famero do invent\u00e1rio pessoal: 3.001 Designa\u00e7\u00e3o: faixa de miss Tema: concurso de beleza\u00a0 T\u00e9cnica: costura, bordado, escrita Material: tecido, fio de algod\u00e3o, tinta, linha Dimens\u00f5es: 64,00\u00a0 x 13,00\u00a0 cm MBRAC_ABR_0621_01 MBRAC_ABR_0621_02 MBRAC_ABR_0621_03 MBRAC_ABR_0621_04 MBRAC_ABR_0621_05 MBRAC_ABR_0621_06 Descri\u00e7\u00e3o Faixa de miss, dobrada no sentido da altura e costurada na ponta direita; bordada na parte externa e interna. Suporte em alum\u00ednio [27 cm], terminado numa das extremidades por arremate de guarda-chuva retr\u00e1til, com al\u00e7a em tecido costurado nas bordas, servindo para sustentar a faixa, bastante longa. Transcri\u00e7\u00e3o [bordado] DULCE M\u00c3E\u00a0 3.001 [Frente da faixa na lateral esquerda com inscri\u00e7\u00e3o horizontal bordada] J MAXIMINO PRAIA VERMELHA | JAIR LEMOS FISCAL ALIMENTA\u00c7\u00c3O \u2013 COMPANHIA PEREIRA JUNIOR \u2013 NUCLO RUA \u2013 DR \u2013 LEAL \u2013 HOSPITAL | JOSE PAIS COPEIRO RUA DR. LEAL \u2013 JOAQUIM PEREIRA NUCL ULISSE VIANA | JOAQUIM DAVILD PAVILHAO DE INFANTIL RUA BERNADO ENGENHO DENTRO | JAIME DE OLIVEIRA \u2013 NUCLO ULISSE VIANA | JORDA PEREIRA \u2013 NUCLO ULISSE VIANA | JOVAL CAMPOS \u2013 PRAIA VERMELHA PINEL \u2013 SEC\u00c7\u00c3O |\u00a0 Exposi\u00e7\u00f5es MUSEU BISPO DO ROSARIO ARTE CONTEMPOR\u00c2NEA. Das virgens em cardumes e da cor das auras. Rio de Janeiro, 2016. (coletiva) BIBLIOGRAFIA CAIXA ECON\u00d4MICA FEDERAL. Eu preciso destas palavras: Escrita: cat\u00e1logo. Rio de Janeiro, 1999.<\/p>\n","protected":false},"author":1,"featured_media":0,"parent":2845,"menu_order":0,"comment_status":"closed","ping_status":"closed","template":"","meta":{"footnotes":""},"class_list":["post-4790","page","type-page","status-publish","hentry"],"_links":{"self":[{"href":"https:\/\/museubispodorosario.com\/catalogoraisonne\/wp-json\/wp\/v2\/pages\/4790","targetHints":{"allow":["GET"]}}],"collection":[{"href":"https:\/\/museubispodorosario.com\/catalogoraisonne\/wp-json\/wp\/v2\/pages"}],"about":[{"href":"https:\/\/museubispodorosario.com\/catalogoraisonne\/wp-json\/wp\/v2\/types\/page"}],"author":[{"embeddable":true,"href":"https:\/\/museubispodorosario.com\/catalogoraisonne\/wp-json\/wp\/v2\/users\/1"}],"replies":[{"embeddable":true,"href":"https:\/\/museubispodorosario.com\/catalogoraisonne\/wp-json\/wp\/v2\/comments?post=4790"}],"version-history":[{"count":3,"href":"https:\/\/museubispodorosario.com\/catalogoraisonne\/wp-json\/wp\/v2\/pages\/4790\/revisions"}],"predecessor-version":[{"id":6866,"href":"https:\/\/museubispodorosario.com\/catalogoraisonne\/wp-json\/wp\/v2\/pages\/4790\/revisions\/6866"}],"up":[{"embeddable":true,"href":"https:\/\/museubispodorosario.com\/catalogoraisonne\/wp-json\/wp\/v2\/pages\/2845"}],"wp:attachment":[{"href":"https:\/\/museubispodorosario.com\/catalogoraisonne\/wp-json\/wp\/v2\/media?parent=4790"}],"curies":[{"name":"wp","href":"https:\/\/api.w.org\/{rel}","templated":true}]}}