{"id":2985,"date":"2025-11-24T19:26:10","date_gmt":"2025-11-24T22:26:10","guid":{"rendered":"https:\/\/museubispodorosario.com\/catalogoraisonne?page_id=2985"},"modified":"2026-05-06T14:12:13","modified_gmt":"2026-05-06T17:12:13","slug":"bispo-do-rosario","status":"publish","type":"page","link":"https:\/\/museubispodorosario.com\/catalogoraisonne\/bispo-do-rosario\/","title":{"rendered":"Bispo do Ros\u00e1rio"},"content":{"rendered":"\t\t<div data-elementor-type=\"wp-page\" data-elementor-id=\"2985\" class=\"elementor elementor-2985\">\n\t\t\t\t<div class=\"has_eae_slider elementor-element elementor-element-dfe0969 e-flex e-con-boxed wpr-particle-no wpr-jarallax-no wpr-parallax-no wpr-sticky-section-no e-con e-parent\" data-eae-slider=\"75195\" data-id=\"dfe0969\" data-element_type=\"container\">\n\t\t\t\t\t<div class=\"e-con-inner\">\n\t\t<div class=\"has_eae_slider elementor-element elementor-element-50540fd e-con-full e-flex wpr-particle-no wpr-jarallax-no wpr-parallax-no wpr-sticky-section-no e-con e-child\" data-eae-slider=\"82854\" data-id=\"50540fd\" data-element_type=\"container\">\n\t\t\t\t<div class=\"elementor-element elementor-element-e3d9914 elementor-widget__width-inherit elementor-widget-mobile__width-inherit elementor-widget elementor-widget-heading\" data-id=\"e3d9914\" data-element_type=\"widget\" data-widget_type=\"heading.default\">\n\t\t\t\t\t<h2 class=\"elementor-heading-title elementor-size-default\">Arthur Bispo do Rosario<\/h2>\t\t\t\t<\/div>\n\t\t\t\t<\/div>\n\t\t<div class=\"has_eae_slider elementor-element elementor-element-bd26809 e-con-full e-flex wpr-particle-no wpr-jarallax-no wpr-parallax-no wpr-sticky-section-no e-con e-child\" data-eae-slider=\"90925\" data-id=\"bd26809\" data-element_type=\"container\">\n\t\t\t\t<div class=\"elementor-element elementor-element-6e18e75 elementor-widget elementor-widget-text-editor\" data-id=\"6e18e75\" data-element_type=\"widget\" data-widget_type=\"text-editor.default\">\n\t\t\t\t\t\t\t\t\t<p><span style=\"font-weight: 400;\">Arthur Bispo do Rosario nasceu na primeira d\u00e9cada do s\u00e9culo XX em Japaratuba, Sergipe, embora diferentes documentos apresentem datas e locais divergentes. Sua juventude permanece pouco documentada, mas sabe-se que ingressou na Escola de Aprendizes de Marinheiros em 1925, servindo na Marinha e tornando-se sinaleiro. Nesse per\u00edodo, tamb\u00e9m iniciou uma breve carreira como boxeador, ganhando destaque na imprensa at\u00e9 ser interrompida por um grave acidente de trabalho em 1936. Nesse per\u00edodo, aproximou-se da fam\u00edlia Leone, para quem passou a prestar servi\u00e7os.<\/span><\/p><p><span style=\"font-weight: 400;\">Em dezembro de 1938, viveu o epis\u00f3dio m\u00edstico que marcaria sua trajet\u00f3ria: declarou-se enviado divino e foi internado no Hosp\u00edcio Nacional de Alienados, sendo posteriormente transferido para a Col\u00f4nia Juliano Moreira, onde passaria grande parte da vida. Entre interna\u00e7\u00f5es, retornos e breves per\u00edodos fora das institui\u00e7\u00f5es psiqui\u00e1tricas, Bispo produziu uma obra vasta em di\u00e1logo com seu cotidiano, mem\u00f3rias, deslocamentos e rela\u00e7\u00f5es. Seu trabalho incorpora nomes, trajetos, objetos, mapas e estruturas institucionais, compondo um universo pr\u00f3prio que mistura autobiografia, cartografia e reinven\u00e7\u00e3o simb\u00f3lica.<\/span><\/p><p><span style=\"font-weight: 400;\">A partir dos anos 1940, Bispo aparece em reportagens e fotografias, tornando-se figura de fasc\u00ednio para jornalistas, embora sua produ\u00e7\u00e3o ainda n\u00e3o fosse reconhecida como arte naquele per\u00edodo. Ap\u00f3s uma fuga em 1954, viveu anos realizando diversos trabalhos informais e circulando por diferentes contextos at\u00e9 retornar definitivamente \u00e0 Col\u00f4nia em meados dos anos 1960, onde consolidou sua produ\u00e7\u00e3o. Sua obra, marcada pela rela\u00e7\u00e3o indissoci\u00e1vel entre vida e cria\u00e7\u00e3o, tornou-se refer\u00eancia central na arte brasileira, motivando pesquisas, exposi\u00e7\u00f5es e projetos que, mesmo ap\u00f3s sua morte, continuam a ampliar a compreens\u00e3o sobre sua trajet\u00f3ria.<\/span><\/p>\t\t\t\t\t\t\t\t<\/div>\n\t\t\t\t<\/div>\n\t\t\t\t\t<\/div>\n\t\t\t\t<\/div>\n\t\t<div class=\"has_eae_slider elementor-element elementor-element-30d1d02 e-flex e-con-boxed wpr-particle-no wpr-jarallax-no wpr-parallax-no wpr-sticky-section-no e-con e-parent\" data-eae-slider=\"25669\" data-id=\"30d1d02\" data-element_type=\"container\">\n\t\t\t\t\t<div class=\"e-con-inner\">\n\t\t<div class=\"has_eae_slider elementor-element elementor-element-961653e e-con-full e-flex wpr-particle-no wpr-jarallax-no wpr-parallax-no wpr-sticky-section-no e-con e-child\" data-eae-slider=\"53195\" data-id=\"961653e\" data-element_type=\"container\" data-settings=\"{&quot;background_background&quot;:&quot;classic&quot;}\">\n\t\t\t\t<div class=\"elementor-element elementor-element-dc15a09 elementor-widget elementor-widget-heading\" data-id=\"dc15a09\" data-element_type=\"widget\" data-widget_type=\"heading.default\">\n\t\t\t\t\t<h2 class=\"elementor-heading-title elementor-size-default\">Acesse mais conte\u00fados<\/h2>\t\t\t\t<\/div>\n\t\t\t\t<\/div>\n\t\t<div class=\"has_eae_slider elementor-element elementor-element-bb976fa e-con-full e-flex wpr-particle-no wpr-jarallax-no wpr-parallax-no wpr-sticky-section-no e-con e-child\" data-eae-slider=\"57598\" data-id=\"bb976fa\" data-element_type=\"container\" data-settings=\"{&quot;background_background&quot;:&quot;classic&quot;}\">\n\t\t\t\t<div class=\"elementor-element elementor-element-be6882c elementor-widget elementor-widget-heading\" data-id=\"be6882c\" data-element_type=\"widget\" data-widget_type=\"heading.default\">\n\t\t\t\t\t<h3 class=\"elementor-heading-title elementor-size-default\"><a href=\"https:\/\/museubispodorosario.com\/catalogoraisonne\/cronobiografia\">Cronobiografia<\/a><\/h3>\t\t\t\t<\/div>\n\t\t\t\t<\/div>\n\t\t<div class=\"has_eae_slider elementor-element elementor-element-aedcbab e-con-full e-flex wpr-particle-no wpr-jarallax-no wpr-parallax-no wpr-sticky-section-no e-con e-child\" data-eae-slider=\"539\" data-id=\"aedcbab\" data-element_type=\"container\" data-settings=\"{&quot;background_background&quot;:&quot;classic&quot;}\">\n\t\t\t\t<div class=\"elementor-element elementor-element-923df6e elementor-widget elementor-widget-heading\" data-id=\"923df6e\" data-element_type=\"widget\" data-widget_type=\"heading.default\">\n\t\t\t\t\t<h3 class=\"elementor-heading-title elementor-size-default\"><a href=\"https:\/\/museubispodorosario.com\/catalogoraisonne\/bibliografia\">Bibliografia<\/a><\/h3>\t\t\t\t<\/div>\n\t\t\t\t<\/div>\n\t\t<div class=\"has_eae_slider elementor-element elementor-element-053e0cf e-con-full e-flex wpr-particle-no wpr-jarallax-no wpr-parallax-no wpr-sticky-section-no e-con e-child\" data-eae-slider=\"19048\" data-id=\"053e0cf\" data-element_type=\"container\" data-settings=\"{&quot;background_background&quot;:&quot;classic&quot;}\">\n\t\t\t\t<div class=\"elementor-element elementor-element-a6acd16 elementor-widget elementor-widget-heading\" data-id=\"a6acd16\" data-element_type=\"widget\" data-widget_type=\"heading.default\">\n\t\t\t\t\t<h3 class=\"elementor-heading-title elementor-size-default\"><a href=\"https:\/\/museubispodorosario.com\/catalogoraisonne\/arquivo\">Arquivo<\/a><\/h3>\t\t\t\t<\/div>\n\t\t\t\t<\/div>\n\t\t\t\t\t<\/div>\n\t\t\t\t<\/div>\n\t\t\t\t<\/div>\n\t\t","protected":false},"excerpt":{"rendered":"<p>Arthur Bispo do Rosario Arthur Bispo do Rosario nasceu na primeira d\u00e9cada do s\u00e9culo XX em Japaratuba, Sergipe, embora diferentes documentos apresentem datas e locais divergentes. Sua juventude permanece pouco documentada, mas sabe-se que ingressou na Escola de Aprendizes de Marinheiros em 1925, servindo na Marinha e tornando-se sinaleiro. Nesse per\u00edodo, tamb\u00e9m iniciou uma breve carreira como boxeador, ganhando destaque na imprensa at\u00e9 ser interrompida por um grave acidente de trabalho em 1936. Nesse per\u00edodo, aproximou-se da fam\u00edlia Leone, para quem passou a prestar servi\u00e7os. Em dezembro de 1938, viveu o epis\u00f3dio m\u00edstico que marcaria sua trajet\u00f3ria: declarou-se enviado divino e foi internado no Hosp\u00edcio Nacional de Alienados, sendo posteriormente transferido para a Col\u00f4nia Juliano Moreira, onde passaria grande parte da vida. Entre interna\u00e7\u00f5es, retornos e breves per\u00edodos fora das institui\u00e7\u00f5es psiqui\u00e1tricas, Bispo produziu uma obra vasta em di\u00e1logo com seu cotidiano, mem\u00f3rias, deslocamentos e rela\u00e7\u00f5es. Seu trabalho incorpora nomes, trajetos, objetos, mapas e estruturas institucionais, compondo um universo pr\u00f3prio que mistura autobiografia, cartografia e reinven\u00e7\u00e3o simb\u00f3lica. A partir dos anos 1940, Bispo aparece em reportagens e fotografias, tornando-se figura de fasc\u00ednio para jornalistas, embora sua produ\u00e7\u00e3o ainda n\u00e3o fosse reconhecida como arte naquele per\u00edodo. Ap\u00f3s uma fuga em 1954, viveu anos realizando diversos trabalhos informais e circulando por diferentes contextos at\u00e9 retornar definitivamente \u00e0 Col\u00f4nia em meados dos anos 1960, onde consolidou sua produ\u00e7\u00e3o. Sua obra, marcada pela rela\u00e7\u00e3o indissoci\u00e1vel entre vida e cria\u00e7\u00e3o, tornou-se refer\u00eancia central na arte brasileira, motivando pesquisas, exposi\u00e7\u00f5es e projetos que, mesmo ap\u00f3s sua morte, continuam a ampliar a compreens\u00e3o sobre sua trajet\u00f3ria. Acesse mais conte\u00fados Cronobiografia Bibliografia Arquivo<\/p>\n","protected":false},"author":1,"featured_media":0,"parent":0,"menu_order":0,"comment_status":"closed","ping_status":"closed","template":"elementor_header_footer","meta":{"footnotes":""},"class_list":["post-2985","page","type-page","status-publish","hentry"],"_links":{"self":[{"href":"https:\/\/museubispodorosario.com\/catalogoraisonne\/wp-json\/wp\/v2\/pages\/2985","targetHints":{"allow":["GET"]}}],"collection":[{"href":"https:\/\/museubispodorosario.com\/catalogoraisonne\/wp-json\/wp\/v2\/pages"}],"about":[{"href":"https:\/\/museubispodorosario.com\/catalogoraisonne\/wp-json\/wp\/v2\/types\/page"}],"author":[{"embeddable":true,"href":"https:\/\/museubispodorosario.com\/catalogoraisonne\/wp-json\/wp\/v2\/users\/1"}],"replies":[{"embeddable":true,"href":"https:\/\/museubispodorosario.com\/catalogoraisonne\/wp-json\/wp\/v2\/comments?post=2985"}],"version-history":[{"count":4,"href":"https:\/\/museubispodorosario.com\/catalogoraisonne\/wp-json\/wp\/v2\/pages\/2985\/revisions"}],"predecessor-version":[{"id":6892,"href":"https:\/\/museubispodorosario.com\/catalogoraisonne\/wp-json\/wp\/v2\/pages\/2985\/revisions\/6892"}],"wp:attachment":[{"href":"https:\/\/museubispodorosario.com\/catalogoraisonne\/wp-json\/wp\/v2\/media?parent=2985"}],"curies":[{"name":"wp","href":"https:\/\/api.w.org\/{rel}","templated":true}]}}